{"id":2188,"date":"2024-11-28T16:52:36","date_gmt":"2024-11-28T15:52:36","guid":{"rendered":"https:\/\/vignetovecio.it\/?page_id=2188"},"modified":"2024-12-02T22:53:18","modified_gmt":"2024-12-02T21:53:18","slug":"carrello","status":"publish","type":"page","link":"https:\/\/vignetovecio.it\/de\/carrello\/","title":{"rendered":"Carrello"},"content":{"rendered":"<div data-elementor-type=\"wp-page\" data-elementor-id=\"2188\" class=\"elementor elementor-2188\" data-elementor-post-type=\"page\">\n\t\t\t\t<div class=\"elementor-element elementor-element-d56fe42 e-flex e-con-boxed e-con e-parent\" data-id=\"d56fe42\" data-element_type=\"container\" data-settings=\"{&quot;background_background&quot;:&quot;classic&quot;}\">\n\t\t\t\t\t<div class=\"e-con-inner\">\n\t\t\t\t<div class=\"elementor-element elementor-element-0e05d5b elementor-widget elementor-widget-text-editor\" data-id=\"0e05d5b\" data-element_type=\"widget\" data-widget_type=\"text-editor.default\">\n\t\t\t\t<div class=\"elementor-widget-container\">\n\t\t\t\t\t\t\t\t\t<p class=\"p1\">Il mio <em>carrello<\/em><\/p>\t\t\t\t\t\t\t\t<\/div>\n\t\t\t\t<\/div>\n\t\t\t\t\t<\/div>\n\t\t\t\t<\/div>\n\t\t<div class=\"elementor-element elementor-element-9ec88eb e-flex e-con-boxed e-con e-parent\" data-id=\"9ec88eb\" data-element_type=\"container\" data-settings=\"{&quot;background_background&quot;:&quot;classic&quot;}\">\n\t\t\t\t\t<div class=\"e-con-inner\">\n\t\t\t\t\t<\/div>\n\t\t\t\t<\/div>\n\t\t\t\t<\/div>","protected":false},"excerpt":{"rendered":"<p>Il mio carrello Rimuovi articolo Miniatura immagine Prodotto Prezzo Quantit\u00e0 Subtotale &times; Selezione speciale vini &euro;65,00 Selezione speciale vini quantit\u00e0 &euro;65,00 &times; Sopressa &euro;26,00 Sopressa quantit\u00e0 &euro;26,00 Aggiorna carrello Applica coupon Totale Carrello Subtotale &euro;91,00 Spedizione Tariffa unica: &euro;15,00 Spedizione a TREVISO. Modifica indirizzo Paese\/regione: Seleziona un Paese\/una regione\u2026Italia Stato\/Provincia: Seleziona un&#039;opzione&hellip;AgrigentoAlessandriaAnconaAostaArezzoAscoli PicenoAstiAvellinoBariBarletta-Andria-TraniBellunoBeneventoBergamoBiellaBolognaBolzanoBresciaBrindisiCagliariCaltanissettaCampobassoCasertaCataniaCatanzaroChietiComoCosenzaCremonaCrotoneCuneoEnnaFermoFerraraFirenzeFoggiaForl\u00ec-CesenaFrosinoneGenovaGoriziaGrossetoImperiaIserniaLa SpeziaL&#039;AquilaLatinaLecceLeccoLivornoLodiLuccaMacerataMantovaMassa-CarraraMateraMessinaMilanoModenaMonza e [&hellip;]<\/p>","protected":false},"author":1,"featured_media":0,"parent":0,"menu_order":0,"comment_status":"closed","ping_status":"closed","template":"","meta":{"_acf_changed":false,"footnotes":""},"class_list":["post-2188","page","type-page","status-publish","hentry"],"acf":[],"_links":{"self":[{"href":"https:\/\/vignetovecio.it\/de\/wp-json\/wp\/v2\/pages\/2188","targetHints":{"allow":["GET"]}}],"collection":[{"href":"https:\/\/vignetovecio.it\/de\/wp-json\/wp\/v2\/pages"}],"about":[{"href":"https:\/\/vignetovecio.it\/de\/wp-json\/wp\/v2\/types\/page"}],"author":[{"embeddable":true,"href":"https:\/\/vignetovecio.it\/de\/wp-json\/wp\/v2\/users\/1"}],"replies":[{"embeddable":true,"href":"https:\/\/vignetovecio.it\/de\/wp-json\/wp\/v2\/comments?post=2188"}],"version-history":[{"count":18,"href":"https:\/\/vignetovecio.it\/de\/wp-json\/wp\/v2\/pages\/2188\/revisions"}],"predecessor-version":[{"id":2861,"href":"https:\/\/vignetovecio.it\/de\/wp-json\/wp\/v2\/pages\/2188\/revisions\/2861"}],"wp:attachment":[{"href":"https:\/\/vignetovecio.it\/de\/wp-json\/wp\/v2\/media?parent=2188"}],"curies":[{"name":"wp","href":"https:\/\/api.w.org\/{rel}","templated":true}]}}