{"id":28,"date":"2024-11-06T14:43:15","date_gmt":"2024-11-06T14:43:15","guid":{"rendered":"https:\/\/vignetovecio.it\/?page_id=28"},"modified":"2026-03-27T11:44:27","modified_gmt":"2026-03-27T10:44:27","slug":"esperienze","status":"publish","type":"page","link":"https:\/\/vignetovecio.it\/de\/esperienze\/","title":{"rendered":"Erlebnisse"},"content":{"rendered":"<p class=\"translation-block\">Erleben Sie den Zauber von <em>Valdobbiadene<\/em><\/p>\n<p>Erlebnisse zwischen Natur, Geschmack, Spa\u00df und Kultur<\/p>\n<p>\t\t\t\t\t<a role=\"button\"><br \/>\n\t\t\t\t\t\t\t\t\tSchreiben Sie uns f\u00fcr Informationen<br \/>\n\t\t\t\t\t<\/a><\/p>\n<p class=\"translation-block\">Im Herzen der H\u00fcgel von Valdobbiadene, das zum UNESCO-Weltkulturerbe geh\u00f6rt, haben wir f\u00fcr Sie einzigartige Erlebnisse geschaffen, damit Sie die Sch\u00f6nheit der Gegend sowohl direkt in unserem Agrotourismus als auch in Zusammenarbeit mit lokalen Initiativen, in vollen Z\u00fcgen erleben k\u00f6nnen.<\/p>\n<p class=\"translation-block\">G\u00f6nnen Sie sich einen Moment der Unbeschwertheit bei einem Picknick in den Weinbergen, eingebettet in die Stille der Landschaft und umgeben von ihren D\u00fcften. Oder erleben Sie den Zauber des lange ersehnten Abendessens am Weinberg: ein exklusives Sommerevent mit Tischen zwischen den Rebzeilen und der magischen Atmosph\u00e4re eines Sternenhimmels.<\/p>\n<p class=\"translation-block\">F\u00fcr diejenigen, die das Abenteuer lieben, bieten wir Fahrradtouren an, die in Zusammenarbeit mit Italy Cycling Tour organisiert werden. Diese bieten die Gelegenheit unsere Weinberge und atemberaubenden Landschaften auf authentische Weise zu erkunden.<\/p>\n<p class=\"translation-block\">Dank unserer strategischen Lage zwischen Cortina und Venedig k\u00f6nnen Sie Ihren Aufenthalt mit Besuchen der nahegelegenen k\u00fcnstlerischen und kulturellen Wunder der Provinz Treviso und Venetien bereichern. Wir sind immer bereit, Ihnen die besten Routen zu empfehlen, um Ihr Erlebnis wirklich unvergesslich zu machen.<\/p>\n<p><strong>Le Mostre del Vino<\/strong> fanno parte della tradizione del territorio del Conegliano Valdobbiadene.<br \/>Sono nate oltre 50 anni fa con un solo scopo:\u00a0valorizzare e promuovere i prodotti tipici e l\u2019Alta Marca Trevigiana, diventando, anno dopo anno, un appuntamento enogastronomico imperdibile che permette di immergersi completamente nella cultura e dell\u2019enogastronomia del territorio.<\/p>\n<p>Trovi i nostri vini presenti alla:<\/p>\n<p style=\"font-weight: 400;\"><strong>Mostra del Cartizze e Valdobbiadene DOCG di Santo Stefano <\/strong>dal 13 al 20 e dal 27 al 29 marzo con: Extra Brut (Rive), Brut M441 e Extra Dry;<\/p>\n<p style=\"font-weight: 400;\"><strong>Mostra del Cartizze e Valdobbiadene DOCG di San Pietro di Barbozza<\/strong> dal 4 al 19 aprile con: Extra Brut (Rive) e Brut M441;<\/p>\n<p style=\"font-weight: 400;\"><strong>Mostra del Valdobbiadene DOCG di Col San Martino<\/strong> dall&#8217; 8 al 26 aprile con: Extra brut (Rive), Brut M441 e Extra Dry.<\/p>","protected":false},"excerpt":{"rendered":"<p>Vivi la magia di Valdobbiadene Esperienze tra natura, gusto, divertimento e cultura Scrivici per informazioni Nel cuore delle colline di Valdobbiadene, patrimonio UNESCO, abbiamo creato per te esperienze uniche, pensate per farti vivere appieno la bellezza del territorio, sia all\u2019interno del nostro agriturismo che in collaborazione con le iniziative locali. Scopri il piacere di una [&hellip;]<\/p>","protected":false},"author":1,"featured_media":0,"parent":0,"menu_order":0,"comment_status":"closed","ping_status":"closed","template":"","meta":{"_acf_changed":false,"footnotes":""},"class_list":["post-28","page","type-page","status-publish","hentry"],"acf":[],"_links":{"self":[{"href":"https:\/\/vignetovecio.it\/de\/wp-json\/wp\/v2\/pages\/28","targetHints":{"allow":["GET"]}}],"collection":[{"href":"https:\/\/vignetovecio.it\/de\/wp-json\/wp\/v2\/pages"}],"about":[{"href":"https:\/\/vignetovecio.it\/de\/wp-json\/wp\/v2\/types\/page"}],"author":[{"embeddable":true,"href":"https:\/\/vignetovecio.it\/de\/wp-json\/wp\/v2\/users\/1"}],"replies":[{"embeddable":true,"href":"https:\/\/vignetovecio.it\/de\/wp-json\/wp\/v2\/comments?post=28"}],"version-history":[{"count":163,"href":"https:\/\/vignetovecio.it\/de\/wp-json\/wp\/v2\/pages\/28\/revisions"}],"predecessor-version":[{"id":4471,"href":"https:\/\/vignetovecio.it\/de\/wp-json\/wp\/v2\/pages\/28\/revisions\/4471"}],"wp:attachment":[{"href":"https:\/\/vignetovecio.it\/de\/wp-json\/wp\/v2\/media?parent=28"}],"curies":[{"name":"wp","href":"https:\/\/api.w.org\/{rel}","templated":true}]}}