{"id":1013,"date":"2024-11-22T12:29:54","date_gmt":"2024-11-22T11:29:54","guid":{"rendered":"https:\/\/vignetovecio.it\/?post_type=product&#038;p=1013"},"modified":"2025-12-05T16:16:13","modified_gmt":"2025-12-05T15:16:13","slug":"valdobbiadene-docg-extra-dry","status":"publish","type":"product","link":"https:\/\/vignetovecio.it\/de\/shop\/vino\/valdobbiadene-docg-extra-dry\/","title":{"rendered":"Valdobbiadene DOCG Extra Dry"},"content":{"rendered":"<p class=\"p1\"><b>Ein Botschafter von Eleganz und Tradition<\/b><b><\/b><\/p>\n<p class=\"p1\">Dieser Schaumwein wird aus Glera-Trauben gewonnen, die in den Weinbergen des Salina-Gebiets auf B\u00f6den mit einer vorherrschenden Tonkomposition angebaut werden, und zeichnet sich durch seinen ausgewogenen Geschmack aus, der ihn in Kombination mit raffinierten Perlen und einem harmonischen Zuckergehalt zum Symbol unserer Weinproduktion macht. Er wird sowohl in Italien als auch im Ausland gesch\u00e4tzt und erhielt\nAuszeichnungen bei renommierten nationalen und internationalen Weinwettbewerben.<\/p>\n<p class=\"p1\">Halbtrocken und raffiniert pr\u00e4sentiert er sich am Gaumen mit intensiven blumigen und fruchtigen Noten, die an Birne und Apfel erinnern und ihm eine angenehme Frische und Vielschichtigkeit verleihen.<\/p>\n<p class=\"p1\">Er eignet sich perfekt als eleganter Aperitif, ist aber auch ein ausgezeichneter Begleiter zu leichten Gerichten und Desserts und wertet jeden Moment mit seinem einzigartigen Charakter auf.<\/p>","protected":false},"excerpt":{"rendered":"<p class=\"translation-block\">Er wird laut der nat\u00fcrlichen Methode der Flaschennachg\u00e4rung gewonnen, die \u00fcber gleich vier Generationen der Familie Miotto weitergegeben wurde. Daher das Akronym \"Mesi\", das der Flasche ihren Namen gibt.<\/p>","protected":false},"featured_media":1009,"template":"","meta":{"_acf_changed":false},"product_brand":[],"product_cat":[27],"product_tag":[],"class_list":{"0":"post-1013","1":"product","2":"type-product","3":"status-publish","4":"has-post-thumbnail","6":"product_cat-vino","7":"product_shipping_class-vino","9":"first","10":"instock","11":"shipping-taxable","12":"purchasable","13":"product-type-simple"},"acf":[],"_links":{"self":[{"href":"https:\/\/vignetovecio.it\/de\/wp-json\/wp\/v2\/product\/1013","targetHints":{"allow":["GET"]}}],"collection":[{"href":"https:\/\/vignetovecio.it\/de\/wp-json\/wp\/v2\/product"}],"about":[{"href":"https:\/\/vignetovecio.it\/de\/wp-json\/wp\/v2\/types\/product"}],"version-history":[{"count":5,"href":"https:\/\/vignetovecio.it\/de\/wp-json\/wp\/v2\/product\/1013\/revisions"}],"predecessor-version":[{"id":1949,"href":"https:\/\/vignetovecio.it\/de\/wp-json\/wp\/v2\/product\/1013\/revisions\/1949"}],"wp:featuredmedia":[{"embeddable":true,"href":"https:\/\/vignetovecio.it\/de\/wp-json\/wp\/v2\/media\/1009"}],"wp:attachment":[{"href":"https:\/\/vignetovecio.it\/de\/wp-json\/wp\/v2\/media?parent=1013"}],"wp:term":[{"taxonomy":"product_brand","embeddable":true,"href":"https:\/\/vignetovecio.it\/de\/wp-json\/wp\/v2\/product_brand?post=1013"},{"taxonomy":"product_cat","embeddable":true,"href":"https:\/\/vignetovecio.it\/de\/wp-json\/wp\/v2\/product_cat?post=1013"},{"taxonomy":"product_tag","embeddable":true,"href":"https:\/\/vignetovecio.it\/de\/wp-json\/wp\/v2\/product_tag?post=1013"}],"curies":[{"name":"wp","href":"https:\/\/api.w.org\/{rel}","templated":true}]}}