{"id":1015,"date":"2024-11-22T12:30:23","date_gmt":"2024-11-22T11:30:23","guid":{"rendered":"https:\/\/vignetovecio.it\/?post_type=product&#038;p=1015"},"modified":"2026-03-10T17:01:11","modified_gmt":"2026-03-10T16:01:11","slug":"valdobbiadene-docg-millesimato-dry-nonno-silvio","status":"publish","type":"product","link":"https:\/\/vignetovecio.it\/de\/shop\/vino\/valdobbiadene-docg-millesimato-dry-nonno-silvio\/","title":{"rendered":"Valdobbiadene DOCG Millesimato Dry Nonno Silvio"},"content":{"rendered":"<p class=\"p1 translation-block\">Dieser Schaumwein verk\u00f6rpert die Kombination von Tradition und Weinkultur: Er ist das Resultat einer Auswahl von Trauben, die auf nat\u00fcrliche Weise ein harmonisches und s\u00fc\u00dfes Endprodukt erzeugen.<\/p>\n<p class=\"p1\">Bereits im Jahr 1947 erhielt Gro\u00dfvater Silvio den ersten Preis bei der Weinverkostungsausstellung der H\u00fcgel von Valdobbiadene, indem er einen als \"Focaccia-Wein\" klassifizierten Wein vorstellte.<b>vino da focaccia<\/b>\u201d.<\/p>\n<p class=\"p1 translation-block\">Ihm zu Ehren, bieten wir einen Schaumwein an, der an die starken Blumen- und Honignoten erinnert, von den anspruchsvollsten Gaumen gesch\u00e4tzt wird und sich hervorragend als Abschluss einer Mahlzeit und zu jedem festlichen Anlass eignet.<\/p>","protected":false},"excerpt":{"rendered":"<p class=\"translation-block\">Er wird laut der nat\u00fcrlichen Methode der Flaschennachg\u00e4rung gewonnen, die \u00fcber gleich vier Generationen der Familie Miotto weitergegeben wurde. Daher das Akronym \"Mesi\", das der Flasche ihren Namen gibt.<\/p>","protected":false},"featured_media":1011,"template":"","meta":{"_acf_changed":false},"product_brand":[],"product_cat":[27],"product_tag":[],"class_list":{"0":"post-1015","1":"product","2":"type-product","3":"status-publish","4":"has-post-thumbnail","6":"product_cat-vino","7":"product_shipping_class-vino","9":"first","10":"instock","11":"shipping-taxable","12":"purchasable","13":"product-type-simple"},"acf":[],"_links":{"self":[{"href":"https:\/\/vignetovecio.it\/de\/wp-json\/wp\/v2\/product\/1015","targetHints":{"allow":["GET"]}}],"collection":[{"href":"https:\/\/vignetovecio.it\/de\/wp-json\/wp\/v2\/product"}],"about":[{"href":"https:\/\/vignetovecio.it\/de\/wp-json\/wp\/v2\/types\/product"}],"version-history":[{"count":9,"href":"https:\/\/vignetovecio.it\/de\/wp-json\/wp\/v2\/product\/1015\/revisions"}],"predecessor-version":[{"id":4050,"href":"https:\/\/vignetovecio.it\/de\/wp-json\/wp\/v2\/product\/1015\/revisions\/4050"}],"wp:featuredmedia":[{"embeddable":true,"href":"https:\/\/vignetovecio.it\/de\/wp-json\/wp\/v2\/media\/1011"}],"wp:attachment":[{"href":"https:\/\/vignetovecio.it\/de\/wp-json\/wp\/v2\/media?parent=1015"}],"wp:term":[{"taxonomy":"product_brand","embeddable":true,"href":"https:\/\/vignetovecio.it\/de\/wp-json\/wp\/v2\/product_brand?post=1015"},{"taxonomy":"product_cat","embeddable":true,"href":"https:\/\/vignetovecio.it\/de\/wp-json\/wp\/v2\/product_cat?post=1015"},{"taxonomy":"product_tag","embeddable":true,"href":"https:\/\/vignetovecio.it\/de\/wp-json\/wp\/v2\/product_tag?post=1015"}],"curies":[{"name":"wp","href":"https:\/\/api.w.org\/{rel}","templated":true}]}}