{"id":240,"date":"2024-11-11T12:18:34","date_gmt":"2024-11-11T11:18:34","guid":{"rendered":"https:\/\/vignetovecio.it\/?post_type=product&#038;p=240"},"modified":"2026-03-18T16:26:41","modified_gmt":"2026-03-18T15:26:41","slug":"vino-frizzante-col-fondo","status":"publish","type":"product","link":"https:\/\/vignetovecio.it\/de\/shop\/vino\/vino-frizzante-col-fondo\/","title":{"rendered":"Vino frizzante MESI"},"content":{"rendered":"<p class=\"translation-block\">Er wird laut der nat\u00fcrlichen Methode der Flaschennachg\u00e4rung gewonnen, die \u00fcber gleich vier Generationen der Familie Miotto weitergegeben wurde. Daher das Akronym \"Mesi\", das der Flasche ihren Namen gibt.<\/p>\n<p class=\"translation-block\">Er wird in der Osterzeit abgef\u00fcllt \u2013 einem Zeitraum, der den Beginn des Fr\u00fchlings markiert. Die milden Temperaturen wecken und aktivieren die Hefen f\u00fcr eine zweite, langsame Flascheng\u00e4rung, die bis zu drei Monate dauern kann.<br>\nAm Flaschenboden befinden sich die nat\u00fcrlichen Hefetr\u00fcbungen, ein Garant f\u00fcr die Urspr\u00fcnglichkeit und Echtheit des Produkts.<\/p>\n<p>Am Gaumen trocken, mit Noten von Brotkruste.<\/p>\n<p><strong>Ideal als Aperitif und als Speisenbegleiter.<\/strong>.<\/p>","protected":false},"excerpt":{"rendered":"<p class=\"translation-block\">Er wird laut der nat\u00fcrlichen Methode der Flaschennachg\u00e4rung gewonnen, die \u00fcber gleich vier Generationen der Familie Miotto weitergegeben wurde. Daher das Akronym \"Mesi\", das der Flasche ihren Namen gibt.<\/p>","protected":false},"featured_media":1008,"template":"","meta":{"_acf_changed":false},"product_brand":[],"product_cat":[27],"product_tag":[],"class_list":{"0":"post-240","1":"product","2":"type-product","3":"status-publish","4":"has-post-thumbnail","6":"product_cat-vino","7":"product_shipping_class-vino","9":"first","10":"instock","11":"shipping-taxable","12":"purchasable","13":"product-type-simple"},"acf":[],"_links":{"self":[{"href":"https:\/\/vignetovecio.it\/de\/wp-json\/wp\/v2\/product\/240","targetHints":{"allow":["GET"]}}],"collection":[{"href":"https:\/\/vignetovecio.it\/de\/wp-json\/wp\/v2\/product"}],"about":[{"href":"https:\/\/vignetovecio.it\/de\/wp-json\/wp\/v2\/types\/product"}],"version-history":[{"count":9,"href":"https:\/\/vignetovecio.it\/de\/wp-json\/wp\/v2\/product\/240\/revisions"}],"predecessor-version":[{"id":1957,"href":"https:\/\/vignetovecio.it\/de\/wp-json\/wp\/v2\/product\/240\/revisions\/1957"}],"wp:featuredmedia":[{"embeddable":true,"href":"https:\/\/vignetovecio.it\/de\/wp-json\/wp\/v2\/media\/1008"}],"wp:attachment":[{"href":"https:\/\/vignetovecio.it\/de\/wp-json\/wp\/v2\/media?parent=240"}],"wp:term":[{"taxonomy":"product_brand","embeddable":true,"href":"https:\/\/vignetovecio.it\/de\/wp-json\/wp\/v2\/product_brand?post=240"},{"taxonomy":"product_cat","embeddable":true,"href":"https:\/\/vignetovecio.it\/de\/wp-json\/wp\/v2\/product_cat?post=240"},{"taxonomy":"product_tag","embeddable":true,"href":"https:\/\/vignetovecio.it\/de\/wp-json\/wp\/v2\/product_tag?post=240"}],"curies":[{"name":"wp","href":"https:\/\/api.w.org\/{rel}","templated":true}]}}