{"id":287,"date":"2024-11-11T15:20:42","date_gmt":"2024-11-11T14:20:42","guid":{"rendered":"https:\/\/vignetovecio.it\/?post_type=product&#038;p=287"},"modified":"2025-02-26T11:12:10","modified_gmt":"2025-02-26T10:12:10","slug":"valdobbiadene-docg-m441","status":"publish","type":"product","link":"https:\/\/vignetovecio.it\/de\/shop\/vino\/valdobbiadene-docg-m441\/","title":{"rendered":"Valdobbiadene DOCG &#8211; Brut M441"},"content":{"rendered":"<p class=\"p1\"><b>Ein zeitgen\u00f6ssischer Wein f\u00fcr einen internationalen Geschmack<\/b><\/p>\n<p class=\"p1\">Mit einem modernen und raffinierten Charakter wurde dieser Wein geschaffen, um die anspruchsvollsten\nGaumen der internationalen Kunden zufrieden zu stellen.<\/p>\n<p class=\"p1\">Hergestellt nach der Charmat-Methode, zeichnet er sich durch sein trockenes Profil am Gaumen aus, das mit intensiven Prim\u00e4raromen und frischen Noten von Zitrusfr\u00fcchten angereichert ist.<\/p>\n<p class=\"p1\">Der Name M441 erinnert an die Nummer der Katasterkarte, die einen besonderen Weinberg in unserem Besitz kennzeichnet. Dieser befindet sich auf einer steilen H\u00fcgelterrasse und sein Anbau erfordert Hingabe und Geschicklichkeit.<\/p>\n<p class=\"p1\">Die komplexe Morphologie des Weinbergs spiegelt sich ideal in den lebendigen S\u00e4urenoten des Weins wider, die ihm Frische, Eleganz und eine einzigartige Pers\u00f6nlichkeit verleihen.<\/p>","protected":false},"excerpt":{"rendered":"<p class=\"translation-block\">Er wird laut der nat\u00fcrlichen Methode der Flaschennachg\u00e4rung gewonnen, die \u00fcber gleich vier Generationen der Familie Miotto weitergegeben wurde. Daher das Akronym \"Mesi\", das der Flasche ihren Namen gibt.<\/p>","protected":false},"featured_media":1010,"template":"","meta":{"_acf_changed":false},"product_brand":[],"product_cat":[27],"product_tag":[],"class_list":{"0":"post-287","1":"product","2":"type-product","3":"status-publish","4":"has-post-thumbnail","6":"product_cat-vino","7":"product_shipping_class-vino","9":"first","10":"instock","11":"shipping-taxable","12":"purchasable","13":"product-type-simple"},"acf":[],"_links":{"self":[{"href":"https:\/\/vignetovecio.it\/de\/wp-json\/wp\/v2\/product\/287","targetHints":{"allow":["GET"]}}],"collection":[{"href":"https:\/\/vignetovecio.it\/de\/wp-json\/wp\/v2\/product"}],"about":[{"href":"https:\/\/vignetovecio.it\/de\/wp-json\/wp\/v2\/types\/product"}],"version-history":[{"count":13,"href":"https:\/\/vignetovecio.it\/de\/wp-json\/wp\/v2\/product\/287\/revisions"}],"predecessor-version":[{"id":1953,"href":"https:\/\/vignetovecio.it\/de\/wp-json\/wp\/v2\/product\/287\/revisions\/1953"}],"wp:featuredmedia":[{"embeddable":true,"href":"https:\/\/vignetovecio.it\/de\/wp-json\/wp\/v2\/media\/1010"}],"wp:attachment":[{"href":"https:\/\/vignetovecio.it\/de\/wp-json\/wp\/v2\/media?parent=287"}],"wp:term":[{"taxonomy":"product_brand","embeddable":true,"href":"https:\/\/vignetovecio.it\/de\/wp-json\/wp\/v2\/product_brand?post=287"},{"taxonomy":"product_cat","embeddable":true,"href":"https:\/\/vignetovecio.it\/de\/wp-json\/wp\/v2\/product_cat?post=287"},{"taxonomy":"product_tag","embeddable":true,"href":"https:\/\/vignetovecio.it\/de\/wp-json\/wp\/v2\/product_tag?post=287"}],"curies":[{"name":"wp","href":"https:\/\/api.w.org\/{rel}","templated":true}]}}