{"id":2990,"date":"2024-12-19T16:55:37","date_gmt":"2024-12-19T15:55:37","guid":{"rendered":"https:\/\/vignetovecio.it\/?post_type=product&#038;p=2990"},"modified":"2026-01-19T09:13:44","modified_gmt":"2026-01-19T08:13:44","slug":"pernottamento-notte-camera-matrimoniale-buffet","status":"publish","type":"product","link":"https:\/\/vignetovecio.it\/de\/shop\/pernottamento\/pernottamento-notte-camera-matrimoniale-buffet\/","title":{"rendered":"1 \u00dcbernachtung im Doppelzimmer mit Fr\u00fchst\u00fccksbuffet"},"content":{"rendered":"<p>Genie\u00dfen Sie einen romantischen Kurzurlaub inmitten der wundersch\u00f6nen H\u00fcgel von Valdobbiadene, die zum UNESCO-Weltkulturerbe geh\u00f6ren. Ihr Erlebnis umfasst eine \u00dcbernachtung in einem gem\u00fctlichen Doppelzimmer, das geschmackvoll eingerichtet und mit jedem Komfort ausgestattet ist, um Ihnen Entspannung und Ruhe zu garantieren.<\/p>\n<p>Wenn Sie aufwachen, werden Sie von einem reichhaltigen Fr\u00fchst\u00fccksbuffet mit frischen und regionalen Produkten begeistert sein: von hausgemachter Marmelade bis hin zu handwerklich hergestellten Desserts, \u00fcber saisonales Obst und typische K\u00e4sesorten der Region.<\/p>\n<p>Der von Weinbergen und atemberaubenden Landschaften umgebene Agriturismo bietet die ideale Atmosph\u00e4re, um sich zu erholen und das einzigartige Gebiet von Valdobbiadene zu entdecken, das f\u00fcr seinen Prosecco Superiore DOCG ber\u00fchmt ist. Perfekt f\u00fcr alle, die einen Moment der Ruhe suchen oder einen Ausgangspunkt, um die Aromen und Sch\u00f6nheiten Venetiens zu erkunden.<\/p>\n<p>Ein unvergesslicher Aufenthalt zwischen Natur, Authentizit\u00e4t und Tradition.<\/p>","protected":false},"excerpt":{"rendered":"<p>Goditi una fuga romantica immersa tra le meravigliose colline Patrimonio dell&#8217;Umanit\u00e0 Unesco di Valdobbiadene. La tua esperienza include un pernottamento di una notte in una confortevole camera matrimoniale, arredata con gusto e dotata di ogni comfort per garantirti relax e tranquillit\u00e0. Al risveglio, sarai deliziato da una ricca colazione a buffet con prodotti freschi e [&hellip;]<\/p>","protected":false},"featured_media":3001,"template":"","meta":{"_acf_changed":false},"product_brand":[],"product_cat":[36],"product_tag":[],"class_list":{"0":"post-2990","1":"product","2":"type-product","3":"status-publish","4":"has-post-thumbnail","6":"product_cat-pernottamento","8":"first","9":"instock","10":"downloadable","11":"virtual","12":"purchasable","13":"product-type-simple"},"acf":[],"_links":{"self":[{"href":"https:\/\/vignetovecio.it\/de\/wp-json\/wp\/v2\/product\/2990","targetHints":{"allow":["GET"]}}],"collection":[{"href":"https:\/\/vignetovecio.it\/de\/wp-json\/wp\/v2\/product"}],"about":[{"href":"https:\/\/vignetovecio.it\/de\/wp-json\/wp\/v2\/types\/product"}],"version-history":[{"count":9,"href":"https:\/\/vignetovecio.it\/de\/wp-json\/wp\/v2\/product\/2990\/revisions"}],"predecessor-version":[{"id":3039,"href":"https:\/\/vignetovecio.it\/de\/wp-json\/wp\/v2\/product\/2990\/revisions\/3039"}],"wp:featuredmedia":[{"embeddable":true,"href":"https:\/\/vignetovecio.it\/de\/wp-json\/wp\/v2\/media\/3001"}],"wp:attachment":[{"href":"https:\/\/vignetovecio.it\/de\/wp-json\/wp\/v2\/media?parent=2990"}],"wp:term":[{"taxonomy":"product_brand","embeddable":true,"href":"https:\/\/vignetovecio.it\/de\/wp-json\/wp\/v2\/product_brand?post=2990"},{"taxonomy":"product_cat","embeddable":true,"href":"https:\/\/vignetovecio.it\/de\/wp-json\/wp\/v2\/product_cat?post=2990"},{"taxonomy":"product_tag","embeddable":true,"href":"https:\/\/vignetovecio.it\/de\/wp-json\/wp\/v2\/product_tag?post=2990"}],"curies":[{"name":"wp","href":"https:\/\/api.w.org\/{rel}","templated":true}]}}